{"id":3,"date":"2020-01-22T09:06:38","date_gmt":"2020-01-22T09:06:38","guid":{"rendered":"http:\/\/mobicasa.md\/?page_id=3"},"modified":"2024-01-17T14:52:21","modified_gmt":"2024-01-17T12:52:21","slug":"privacy-policy","status":"publish","type":"page","link":"https:\/\/mobicasa.md\/ru\/privacy-policy\/","title":{"rendered":"\u041f\u043e\u043b\u0438\u0442\u0438\u043a\u0430 \u043a\u043e\u043d\u0444\u0438\u0434\u0435\u043d\u0446\u0438\u0430\u043b\u044c\u043d\u043e\u0441\u0442\u0438"},"content":{"rendered":"<h2><\/h2>\r\n<p>Mobicasa are grij\u0103 s\u0103 respecte \u00een totalitate dreptul utilizatorilor privind protec\u021bia datelor cu caracter personal furnizate, oferind o experien\u021b\u0103 online sigur\u0103, care nu va afecta \u00een nici un fel via\u021ba personal\u0103. Cu acest scop, ne asum\u0103m direct responsabilitatea, c\u0103 informa\u021biile ob\u021binute voluntar sau involuntar de la utilizatorii no\u0219tri, vor fi folosite doar \u00een scopurile definite.<\/p>\r\n<p>Vizitatorii site-ului nostru trebuie s\u0103 cunoasc\u0103 faptul c\u0103 datele lor personale vor fi p\u0103strate \u0219i prelucrate, cu scopul:<\/p>\r\n<p>\u2013 complet\u0103rii bazei noastre de date, utilizate pentru realizarea rapoartelor statistice;<\/p>\r\n<p>\u2013 inform\u0103rii despre ofertele, reducerile re\u021belei de magazine Mobicasa, \u0219i alte activit\u0103\u021bi desf\u0103\u0219urate de compania noastr\u0103, prin diverse mijloace de comunicare (po\u0219t\u0103, e-mail, telefon, SMS etc.).<\/p>\r\n<p>Colectarea si utilizarea datelor cu caracter personal.<\/p>\r\n<p>Colectarea datelor pe site-ul nostru se realizeaz\u0103 cu ajutorul diferitor modalit\u0103\u021bi \u0219i instrumente specifice, cum ar fi: salvarea \u00een baze de date a formularelor completate direct de c\u0103tre utilizatori, chestionarea online, urm\u0103rirea traficului pe site cu ajutorul unui soft profesional, gestionarea newsletterului, utiliz\u00e2nd o aplica\u021bie specific\u0103 etc.<\/p>\r\n<p>Exist\u0103 zone \u00een site care necesit\u0103 \u00eenregistrare sau abonare, pentru care utilizatorului \u00eei sunt solicitate anumite date specifice. Datele solicitate sunt utilizate pentru identificare, confirmare, completare a contului. Dezabonarea poate fi f\u0103cut\u0103 imediat, f\u0103r\u0103 necesitatea altor confirm\u0103ri suplimentare.<\/p>\r\n<p>Toate aceste date sunt utilizate cu scopuri de informare \u0219i \u00eembun\u0103t\u0103\u021bire a serviciilor, unicul de\u021bin\u0103tor al informa\u021biilor fiind compania &#8220;MobiCasa ML&#8221; SRL, care garanteaz\u0103 respectarea deplin\u0103 a dreptului de intimitate. Termenii politicii de confiden\u021bialitate se refer\u0103 doar la datele furnizate voluntar de c\u0103tre vizitatori.<\/p>\r\n<p>Astfel, site-ul Mobicasa colecteaz\u0103 datele cu caracter personal, ob\u021binute cu acordul voluntar al utilizatorilor, av\u00e2nd \u00een vedere urm\u0103toarele scopuri:<\/p>\r\n<ul>\r\n<li>confirmarea \/ expedierea \/ facturarea comenzilor efectuate c\u0103tre utilizatori;<\/li>\r\n<li>rezolvarea problemelor ap\u0103rute, referitor la comenzile efectuate, contract, servicii sau produsele achizi\u021bionate;<\/li>\r\n<li>asigurarea accesului la anumite servicii;<\/li>\r\n<li>transmiterea periodic\u0103 a noutatilor sau altor informa\u021bii despre oferte, reduceri, bonusuri, \u00een format electronic;<\/li>\r\n<li>contactarea utilizatorilor, la cererea voluntara sau chestiuni ce \u021bin de Rela\u021bia cu Clien\u021bii;<\/li>\r\n<li>scopuri statistice.<\/li>\r\n<\/ul>\r\n<p>Mobicasa utilizeaz\u0103 involuntar adresele IP (Internet Protocol Address) \u0219i alte date care nu au nici o leg\u0103tur\u0103 cu informa\u021biile personale, cum ar fi ora vizitei, locul de unde a fost accesa site-ul, numele, versiunea browserului, sistemul de operare, furnizate de c\u0103tre browserul internet prin intermediul c\u0103ruia a fost accesat site-ul, \u00een urm\u0103toarele cazuri:<\/p>\r\n<p>\u2013 administrarea site-ului;<\/p>\r\n<p>\u2013 analiza \/ urm\u0103rirea intereselor utilizatorilor;<\/p>\r\n<p>\u2013 utilizarea datelor demografice pentru uz intern (scopuri statistice);<\/p>\r\n<p>\u2013 \u00eembun\u0103t\u0103\u021birea nivelului de accesibilitate \u00een utilizarea site-ului;<\/p>\r\n<p>\u2013 publicarea informa\u021biilor c\u00e2t mai relevante pentru utilizatori.<\/p>\r\n<p>Mobicasa se oblig\u0103 s\u0103 adopte toate m\u0103surile de securitate necesare protej\u0103rii informa\u021biilor ob\u021binute de la utilizatori, at\u00e2t online c\u00e2t \u0219i offline. Pentru mai multe detalii, consulta\u021bi \u00een prealabil termenii legali \u0219i alte informa\u021bii referitoare la colectarea datelor cu caracter personal.<\/p>\r\n<h2><\/h2>","protected":false},"excerpt":{"rendered":"<p>Mobicasa are grij\u0103 s\u0103 respecte \u00een totalitate dreptul utilizatorilor privind protec\u021bia datelor cu caracter personal furnizate, oferind o experien\u021b\u0103 online sigur\u0103, care nu va afecta \u00een nici un fel via\u021ba<\/p>\n","protected":false},"author":1,"featured_media":0,"parent":0,"menu_order":0,"comment_status":"closed","ping_status":"open","template":"","meta":[],"aioseo_notices":[],"_links":{"self":[{"href":"https:\/\/mobicasa.md\/ru\/wp-json\/wp\/v2\/pages\/3"}],"collection":[{"href":"https:\/\/mobicasa.md\/ru\/wp-json\/wp\/v2\/pages"}],"about":[{"href":"https:\/\/mobicasa.md\/ru\/wp-json\/wp\/v2\/types\/page"}],"author":[{"embeddable":true,"href":"https:\/\/mobicasa.md\/ru\/wp-json\/wp\/v2\/users\/1"}],"replies":[{"embeddable":true,"href":"https:\/\/mobicasa.md\/ru\/wp-json\/wp\/v2\/comments?post=3"}],"version-history":[{"count":4,"href":"https:\/\/mobicasa.md\/ru\/wp-json\/wp\/v2\/pages\/3\/revisions"}],"predecessor-version":[{"id":12615,"href":"https:\/\/mobicasa.md\/ru\/wp-json\/wp\/v2\/pages\/3\/revisions\/12615"}],"wp:attachment":[{"href":"https:\/\/mobicasa.md\/ru\/wp-json\/wp\/v2\/media?parent=3"}],"curies":[{"name":"wp","href":"https:\/\/api.w.org\/{rel}","templated":true}]}}