{"id":13919,"date":"2024-08-14T14:40:13","date_gmt":"2024-08-14T11:40:13","guid":{"rendered":"https:\/\/mobicasa.md\/?post_type=product&#038;p=13919"},"modified":"2026-04-03T15:21:52","modified_gmt":"2026-04-03T12:21:52","slug":"masa-armstrong-2","status":"publish","type":"product","link":"https:\/\/mobicasa.md\/ru\/produs\/masa-armstrong-2\/","title":{"rendered":"C\u0442\u043e\u043b Armstrong"},"content":{"rendered":"<p class=\"qtranxs-available-languages-message qtranxs-available-languages-message-ru\">\u0418\u0437\u0432\u0438\u043d\u0438\u0442\u0435, \u044d\u0442\u043e\u0442 \u0442\u0435\u043a\u0441\u0442 \u0434\u043e\u0441\u0442\u0443\u043f\u0435\u043d \u0442\u043e\u043b\u044c\u043a\u043e \u043d\u0430 &ldquo;<a href=\"https:\/\/mobicasa.md\/ro\/wp-json\/wp\/v2\/product\/13919\" class=\"qtranxs-available-language-link qtranxs-available-language-link-ro\" title=\"Rom\u00e2n\u0103\">\u0440\u0443\u043c\u044b\u043d\u0441\u043a\u0438\u0439<\/a>&rdquo;.<\/p><p>Mas\u0103 de buc\u0103t\u0103rie extensibil\u0103, cu picioare din metal!<\/p>","protected":false},"excerpt":{"rendered":"<p>\u0420\u0430\u0437\u0434\u0432\u0438\u0436\u043d\u043e\u0439 \u0441\u0442\u043e\u043b 90\/180&#215;70.<\/p>\n","protected":false},"featured_media":17476,"comment_status":"open","ping_status":"closed","template":"","meta":[],"product_cat":[495,497],"product_tag":[],"aioseo_notices":[],"_links":{"self":[{"href":"https:\/\/mobicasa.md\/ru\/wp-json\/wp\/v2\/product\/13919"}],"collection":[{"href":"https:\/\/mobicasa.md\/ru\/wp-json\/wp\/v2\/product"}],"about":[{"href":"https:\/\/mobicasa.md\/ru\/wp-json\/wp\/v2\/types\/product"}],"replies":[{"embeddable":true,"href":"https:\/\/mobicasa.md\/ru\/wp-json\/wp\/v2\/comments?post=13919"}],"wp:featuredmedia":[{"embeddable":true,"href":"https:\/\/mobicasa.md\/ru\/wp-json\/wp\/v2\/media\/17476"}],"wp:attachment":[{"href":"https:\/\/mobicasa.md\/ru\/wp-json\/wp\/v2\/media?parent=13919"}],"wp:term":[{"taxonomy":"product_cat","embeddable":true,"href":"https:\/\/mobicasa.md\/ru\/wp-json\/wp\/v2\/product_cat?post=13919"},{"taxonomy":"product_tag","embeddable":true,"href":"https:\/\/mobicasa.md\/ru\/wp-json\/wp\/v2\/product_tag?post=13919"}],"curies":[{"name":"wp","href":"https:\/\/api.w.org\/{rel}","templated":true}]}}