{"id":14679,"date":"2025-02-04T17:33:44","date_gmt":"2025-02-04T14:33:44","guid":{"rendered":"https:\/\/mobicasa.md\/?post_type=product&#038;p=14679"},"modified":"2026-04-03T15:23:33","modified_gmt":"2026-04-03T12:23:33","slug":"pat-porto","status":"publish","type":"product","link":"https:\/\/mobicasa.md\/ru\/produs\/pat-porto\/","title":{"rendered":"\u041a\u0440\u043e\u0432\u0430\u0442\u044c Porto"},"content":{"rendered":"<p class=\"qtranxs-available-languages-message qtranxs-available-languages-message-ru\">\u0418\u0437\u0432\u0438\u043d\u0438\u0442\u0435, \u044d\u0442\u043e\u0442 \u0442\u0435\u043a\u0441\u0442 \u0434\u043e\u0441\u0442\u0443\u043f\u0435\u043d \u0442\u043e\u043b\u044c\u043a\u043e \u043d\u0430 &ldquo;<a href=\"https:\/\/mobicasa.md\/ro\/wp-json\/wp\/v2\/product\/14679\" class=\"qtranxs-available-language-link qtranxs-available-language-link-ro\" title=\"Rom\u00e2n\u0103\">\u0440\u0443\u043c\u044b\u043d\u0441\u043a\u0438\u0439<\/a>&rdquo;.<\/p><p>Realizat din <strong data-start=\"152\" data-end=\"233\">masiv de fag ecologic \u2013 un lemn dur, recunoscut pentru rezisten\u021ba sa ridicat\u0103<\/strong>, produsul ofer\u0103 stabilitate \u0219i durabilitate pe termen lung. Finisajul este realizat cu <strong data-start=\"321\" data-end=\"374\">lacuri mate certificate, de provenien\u021b\u0103 european\u0103<\/strong>, sigure pentru copii \u0219i adul\u021bi. <strong data-start=\"407\" data-end=\"449\">Structura cu lamele ortopedice curbate<\/strong> asigur\u0103 un suport corect pentru saltea, contribuind la un somn s\u0103n\u0103tos \u0219i confortabil.<\/p>","protected":false},"excerpt":{"rendered":"<p>\u0414\u0432\u0443\u0441\u043f\u0430\u043b\u044c\u043d\u0430\u044f \u043a\u0440\u043e\u0432\u0430\u0442\u044c, 160\u0445200\u0441\u043c.<\/p>\n","protected":false},"featured_media":18253,"comment_status":"open","ping_status":"closed","template":"","meta":[],"product_cat":[43,469],"product_tag":[],"aioseo_notices":[],"_links":{"self":[{"href":"https:\/\/mobicasa.md\/ru\/wp-json\/wp\/v2\/product\/14679"}],"collection":[{"href":"https:\/\/mobicasa.md\/ru\/wp-json\/wp\/v2\/product"}],"about":[{"href":"https:\/\/mobicasa.md\/ru\/wp-json\/wp\/v2\/types\/product"}],"replies":[{"embeddable":true,"href":"https:\/\/mobicasa.md\/ru\/wp-json\/wp\/v2\/comments?post=14679"}],"wp:featuredmedia":[{"embeddable":true,"href":"https:\/\/mobicasa.md\/ru\/wp-json\/wp\/v2\/media\/18253"}],"wp:attachment":[{"href":"https:\/\/mobicasa.md\/ru\/wp-json\/wp\/v2\/media?parent=14679"}],"wp:term":[{"taxonomy":"product_cat","embeddable":true,"href":"https:\/\/mobicasa.md\/ru\/wp-json\/wp\/v2\/product_cat?post=14679"},{"taxonomy":"product_tag","embeddable":true,"href":"https:\/\/mobicasa.md\/ru\/wp-json\/wp\/v2\/product_tag?post=14679"}],"curies":[{"name":"wp","href":"https:\/\/api.w.org\/{rel}","templated":true}]}}