{"id":15737,"date":"2025-07-31T12:52:15","date_gmt":"2025-07-31T09:52:15","guid":{"rendered":"https:\/\/mobicasa.md\/?post_type=product&#038;p=15737"},"modified":"2026-04-03T15:23:32","modified_gmt":"2026-04-03T12:23:32","slug":"pat-etajat-grizzly-2","status":"publish","type":"product","link":"https:\/\/mobicasa.md\/ru\/produs\/pat-etajat-grizzly-2\/","title":{"rendered":"\u0414\u0432\u0443\u0445\u044a\u044f\u0440\u0443\u0441\u043d\u0430\u044f \u043a\u0440\u043e\u0432\u0430\u0442\u044c Grizzly"},"content":{"rendered":"<p class=\"qtranxs-available-languages-message qtranxs-available-languages-message-ru\">\u0418\u0437\u0432\u0438\u043d\u0438\u0442\u0435, \u044d\u0442\u043e\u0442 \u0442\u0435\u043a\u0441\u0442 \u0434\u043e\u0441\u0442\u0443\u043f\u0435\u043d \u0442\u043e\u043b\u044c\u043a\u043e \u043d\u0430 &ldquo;<a href=\"https:\/\/mobicasa.md\/ro\/wp-json\/wp\/v2\/product\/15737\" class=\"qtranxs-available-language-link qtranxs-available-language-link-ro\" title=\"Rom\u00e2n\u0103\">\u0440\u0443\u043c\u044b\u043d\u0441\u043a\u0438\u0439<\/a>&rdquo;.<\/p><p><\/p>\n<p data-start=\"84\" data-end=\"180\"><strong data-start=\"84\" data-end=\"96\">Material<\/strong> \u2013 masiv de fag ecologic, caracterizat prin rezisten\u021b\u0103, fiabilitate \u0219i durabilitate.<\/p>\n<p data-start=\"182\" data-end=\"304\"><strong data-start=\"182\" data-end=\"193\">Finisaj<\/strong> \u2013 lacuri mate certificate, de produc\u021bie european\u0103, sigure pentru dumneavoastr\u0103 \u0219i pentru copiii dumneavoastr\u0103.<\/p>\n<p data-start=\"306\" data-end=\"420\"><strong data-start=\"306\" data-end=\"323\">Cadrul (baza)<\/strong> \u2013 lamele ortopedice curbate, acoperite cu lac, care ofer\u0103 o baz\u0103 solid\u0103 \u0219i sigur\u0103 pentru saltea.<\/p>\n<p><\/p>","protected":false},"excerpt":{"rendered":"<p>\u041a\u0440\u043e\u0432\u0430\u0442\u044c \u0442\u0440\u0430\u043d\u0441\u0444\u043e\u0440\u043c\u0435\u0440\u00a0 90\u0445200<\/p>\n","protected":false},"featured_media":17693,"comment_status":"open","ping_status":"closed","template":"","meta":[],"product_cat":[43,837,836],"product_tag":[],"aioseo_notices":[],"_links":{"self":[{"href":"https:\/\/mobicasa.md\/ru\/wp-json\/wp\/v2\/product\/15737"}],"collection":[{"href":"https:\/\/mobicasa.md\/ru\/wp-json\/wp\/v2\/product"}],"about":[{"href":"https:\/\/mobicasa.md\/ru\/wp-json\/wp\/v2\/types\/product"}],"replies":[{"embeddable":true,"href":"https:\/\/mobicasa.md\/ru\/wp-json\/wp\/v2\/comments?post=15737"}],"wp:featuredmedia":[{"embeddable":true,"href":"https:\/\/mobicasa.md\/ru\/wp-json\/wp\/v2\/media\/17693"}],"wp:attachment":[{"href":"https:\/\/mobicasa.md\/ru\/wp-json\/wp\/v2\/media?parent=15737"}],"wp:term":[{"taxonomy":"product_cat","embeddable":true,"href":"https:\/\/mobicasa.md\/ru\/wp-json\/wp\/v2\/product_cat?post=15737"},{"taxonomy":"product_tag","embeddable":true,"href":"https:\/\/mobicasa.md\/ru\/wp-json\/wp\/v2\/product_tag?post=15737"}],"curies":[{"name":"wp","href":"https:\/\/api.w.org\/{rel}","templated":true}]}}